{"id":78,"date":"2018-07-07T09:03:47","date_gmt":"2018-07-07T09:03:47","guid":{"rendered":"http:\/\/xn--bzv-brhl-c6a.de\/?page_id=78"},"modified":"2023-12-25T16:20:20","modified_gmt":"2023-12-25T16:20:20","slug":"kontakt","status":"publish","type":"page","link":"https:\/\/xn--bzv-brhl-c6a.de\/?page_id=78","title":{"rendered":"Kontakt"},"content":{"rendered":"\t\t<div data-elementor-type=\"wp-post\" data-elementor-id=\"78\" class=\"elementor elementor-78\">\n\t\t\t\t\t\t<section class=\"elementor-section elementor-top-section elementor-element elementor-element-1e7333c1 elementor-section-boxed elementor-section-height-default elementor-section-height-default\" data-id=\"1e7333c1\" data-element_type=\"section\" data-e-type=\"section\">\n\t\t\t\t\t\t<div class=\"elementor-container elementor-column-gap-default\">\n\t\t\t\t\t<div class=\"elementor-column elementor-col-100 elementor-top-column elementor-element elementor-element-74470f40\" data-id=\"74470f40\" data-element_type=\"column\" data-e-type=\"column\">\n\t\t\t<div class=\"elementor-widget-wrap elementor-element-populated\">\n\t\t\t\t\t\t<div class=\"elementor-element elementor-element-b806cd5 elementor-widget elementor-widget-spacer\" data-id=\"b806cd5\" data-element_type=\"widget\" data-e-type=\"widget\" data-widget_type=\"spacer.default\">\n\t\t\t\t<div class=\"elementor-widget-container\">\n\t\t\t\t\t\t\t<div class=\"elementor-spacer\">\n\t\t\t<div class=\"elementor-spacer-inner\"><\/div>\n\t\t<\/div>\n\t\t\t\t\t\t<\/div>\n\t\t\t\t<\/div>\n\t\t\t\t<div class=\"elementor-element elementor-element-76d5cd39 elementor-widget elementor-widget-text-editor\" data-id=\"76d5cd39\" data-element_type=\"widget\" data-e-type=\"widget\" data-widget_type=\"text-editor.default\">\n\t\t\t\t<div class=\"elementor-widget-container\">\n\t\t\t\t\t\t\t\t\t<p style=\"text-align: left;\" align=\"center\"><span style=\"text-decoration: underline;\"><span style=\"color: #000000;\"><b>Hier unsere Kontaktdaten:<\/b><\/span><\/span><\/p><table style=\"border-collapse: collapse; width: 100%; height: 360px;\" border=\"1\"><tbody><tr style=\"height: 24px;\"><td style=\"width: 34.3936%; height: 24px;\"><span style=\"color: #000000;\">Bezirksbundesmeister<\/span><\/td><td style=\"width: 19.2843%; height: 24px;\"><span style=\"color: #000000;\">Dirk Vetterling<\/span><\/td><td style=\"width: 46.1233%; height: 24px;\"><a href=\"mailto:Hans.Rosen@netcologne.de\"><span style=\"color: #000000;\">d.vetterling@netcologne.de<\/span><\/a><\/td><td style=\"width: 20.5371%; height: 24px;\">\u00a0<\/td><\/tr><tr style=\"height: 48px;\"><td style=\"width: 34.3936%; height: 48px;\"><span style=\"color: #000000;\">Bezirksgesch\u00e4ftsf\u00fchrer<\/span><\/td><td style=\"width: 19.2843%; height: 48px;\"><span style=\"color: #000000;\">J\u00fcrgen Behringer<\/span><\/td><td style=\"width: 46.1233%; height: 48px;\"><a href=\"mailto:Juergen.behringer@westnetz.de\"><span style=\"color: #000000;\">Juergen.behringer@westnetz.de<\/span><\/a><\/td><td style=\"width: 20.5371%; height: 48px;\">\u00a0<\/td><\/tr><tr style=\"height: 24px;\"><td style=\"width: 34.3936%; height: 24px;\"><span style=\"color: #000000;\">Bezirkskassierer<\/span><\/td><td style=\"width: 19.2843%; height: 24px;\"><span style=\"color: #000000;\"> Hans Josef, Kuck<\/span><\/td><td style=\"width: 46.1233%; height: 24px;\"><a href=\"mailto:KuckHajo@web.de\">KuckHajo@web.de<\/a><\/td><td style=\"width: 20.5371%; height: 24px;\">\u00a0<\/td><\/tr><tr style=\"height: 24px;\"><td style=\"width: 34.3936%; height: 24px;\"><span style=\"color: #000000;\">Bezirksschie\u00dfmeister<\/span><\/td><td style=\"width: 19.2843%; height: 24px;\"><span style=\"color: #000000;\">\u00a0Hans Rosen<\/span><\/td><td style=\"width: 46.1233%; height: 24px;\"><a href=\"mailto:Hans.Rosen@netcologne.de\"><span style=\"color: #000000;\">Hans.Rosen@netcologne.de<\/span><\/a><\/td><td style=\"width: 20.5371%; height: 24px;\">\u00a0<\/td><\/tr><tr style=\"height: 48px;\"><td style=\"width: 34.3936%; height: 48px;\"><span style=\"color: #000000;\">Bezirkskommandant<\/span><\/td><td style=\"width: 19.2843%; height: 48px;\"><span style=\"color: #000000;\">Michael Henseler<\/span><\/td><td style=\"width: 46.1233%; height: 48px;\"><a href=\"mailto:henseler.michael@yahoo.com\">henseler.michael@yahoo.com<\/a><\/td><td style=\"width: 20.5371%; height: 48px;\">\u00a0<\/td><\/tr><tr style=\"height: 48px;\"><td style=\"width: 34.3936%; height: 48px;\"><span style=\"color: #000000;\">stv. Bez. Schie\u00dfmeister<\/span><\/td><td style=\"width: 19.2843%; height: 48px;\"><span style=\"color: #000000;\">Matthias K\u00f6rfer<\/span><\/td><td style=\"width: 46.1233%; height: 48px;\"><a href=\"mailto:koerfer-matthias@web.de\"><span style=\"color: #000000;\">koerfer-matthias@web.de<\/span><\/a><\/td><td style=\"width: 20.5371%; height: 48px;\">\u00a0<\/td><\/tr><tr style=\"height: 24px;\"><td style=\"width: 34.3936%; height: 24px;\"><span style=\"color: #000000;\">Bezirkjungsch\u00fctzenmeister<\/span><\/td><td style=\"width: 19.2843%; height: 24px;\"><span style=\"color: #000000;\">Matthias K\u00f6rfer<\/span><\/td><td style=\"width: 46.1233%; height: 24px;\"><a href=\"mailto:koerfer-matthias@web.de\">koerfer-matthias@web.de<\/a><\/td><td style=\"width: 20.5371%; height: 24px;\">\u00a0<\/td><\/tr><tr style=\"height: 48px;\"><td style=\"width: 34.3936%; height: 48px;\"><span style=\"color: #000000;\">stv. Bezirkskommandant<\/span><\/td><td style=\"width: 19.2843%; height: 48px;\"><span style=\"color: #000000;\">Marcel Horlebein<\/span><\/td><td style=\"width: 46.1233%; height: 48px;\"><a href=\"mailto:horle5971@live.de\">horle5971@live.de<\/a><\/td><td style=\"width: 20.5371%; height: 48px;\">\u00a0<\/td><\/tr><tr style=\"height: 48px;\"><td style=\"width: 34.3936%; height: 48px;\">\u00a0<\/td><td style=\"width: 19.2843%; height: 48px;\">\u00a0<\/td><td style=\"width: 46.1233%; height: 48px;\">\u00a0<\/td><td style=\"width: 20.5371%; height: 48px;\">\u00a0<\/td><\/tr><tr style=\"height: 24px;\"><td style=\"width: 99.8012%; height: 24px;\" colspan=\"3\"><span style=\"color: #3366ff;\"><b>Webmaster: <span style=\"color: #ff6600;\"><a style=\"color: #ff6600;\" href=\"mailto:webmaster2018@netcologne.de\">webmaster2018@netcologne.de<\/a><\/span><\/b><\/span><\/td><td style=\"width: 20.5371%; height: 24px;\">\u00a0<\/td><\/tr><\/tbody><\/table><p align=\"center\">\u00a0<\/p>\t\t\t\t\t\t\t\t<\/div>\n\t\t\t\t<\/div>\n\t\t\t\t\t<\/div>\n\t\t<\/div>\n\t\t\t\t\t<\/div>\n\t\t<\/section>\n\t\t\t\t<\/div>\n\t\t","protected":false},"excerpt":{"rendered":"<p>Hier unsere Kontaktdaten: Bezirksbundesmeister Dirk Vetterling d.vetterling@netcologne.de \u00a0 Bezirksgesch\u00e4ftsf\u00fchrer J\u00fcrgen Behringer Juergen.behringer@westnetz.de \u00a0 Bezirkskassierer Hans Josef, Kuck KuckHajo@web.de \u00a0 Bezirksschie\u00dfmeister \u00a0Hans Rosen Hans.Rosen@netcologne.de \u00a0 Bezirkskommandant Michael Henseler henseler.michael@yahoo.com \u00a0 stv. Bez. Schie\u00dfmeister Matthias K\u00f6rfer koerfer-matthias@web.de \u00a0 Bezirkjungsch\u00fctzenmeister Matthias K\u00f6rfer koerfer-matthias@web.de \u00a0 stv. Bezirkskommandant Marcel Horlebein horle5971@live.de \u00a0 \u00a0 \u00a0 \u00a0 \u00a0 Webmaster: webmaster2018@netcologne.de \u00a0 \u00a0<\/p>\n","protected":false},"author":1,"featured_media":0,"parent":53,"menu_order":0,"comment_status":"closed","ping_status":"closed","template":"","meta":{"ngg_post_thumbnail":0,"ocean_post_layout":"full-screen","ocean_both_sidebars_style":"","ocean_both_sidebars_content_width":0,"ocean_both_sidebars_sidebars_width":0,"ocean_sidebar":"sidebar","ocean_second_sidebar":"0","ocean_disable_margins":"on","ocean_add_body_class":"","ocean_shortcode_before_top_bar":"","ocean_shortcode_after_top_bar":"","ocean_shortcode_before_header":"","ocean_shortcode_after_header":"","ocean_has_shortcode":"","ocean_shortcode_after_title":"","ocean_shortcode_before_footer_widgets":"","ocean_shortcode_after_footer_widgets":"","ocean_shortcode_before_footer_bottom":"","ocean_shortcode_after_footer_bottom":"","ocean_display_top_bar":"default","ocean_display_header":"default","ocean_header_style":"","ocean_center_header_left_menu":"0","ocean_custom_header_template":"0","ocean_custom_logo":0,"ocean_custom_retina_logo":0,"ocean_custom_logo_max_width":0,"ocean_custom_logo_tablet_max_width":0,"ocean_custom_logo_mobile_max_width":0,"ocean_custom_logo_max_height":0,"ocean_custom_logo_tablet_max_height":0,"ocean_custom_logo_mobile_max_height":0,"ocean_header_custom_menu":"0","ocean_menu_typo_font_family":"0","ocean_menu_typo_font_subset":"","ocean_menu_typo_font_size":0,"ocean_menu_typo_font_size_tablet":0,"ocean_menu_typo_font_size_mobile":0,"ocean_menu_typo_font_size_unit":"px","ocean_menu_typo_font_weight":"","ocean_menu_typo_font_weight_tablet":"","ocean_menu_typo_font_weight_mobile":"","ocean_menu_typo_transform":"","ocean_menu_typo_transform_tablet":"","ocean_menu_typo_transform_mobile":"","ocean_menu_typo_line_height":0,"ocean_menu_typo_line_height_tablet":0,"ocean_menu_typo_line_height_mobile":0,"ocean_menu_typo_line_height_unit":"","ocean_menu_typo_spacing":0,"ocean_menu_typo_spacing_tablet":0,"ocean_menu_typo_spacing_mobile":0,"ocean_menu_typo_spacing_unit":"","ocean_menu_link_color":"","ocean_menu_link_color_hover":"","ocean_menu_link_color_active":"","ocean_menu_link_background":"","ocean_menu_link_hover_background":"","ocean_menu_link_active_background":"","ocean_menu_social_links_bg":"","ocean_menu_social_hover_links_bg":"","ocean_menu_social_links_color":"","ocean_menu_social_hover_links_color":"","ocean_disable_title":"on","ocean_disable_heading":"default","ocean_post_title":"","ocean_post_subheading":"","ocean_post_title_style":"","ocean_post_title_background_color":"","ocean_post_title_background":0,"ocean_post_title_bg_image_position":"","ocean_post_title_bg_image_attachment":"","ocean_post_title_bg_image_repeat":"","ocean_post_title_bg_image_size":"","ocean_post_title_height":0,"ocean_post_title_bg_overlay":0.5,"ocean_post_title_bg_overlay_color":"","ocean_disable_breadcrumbs":"off","ocean_breadcrumbs_color":"","ocean_breadcrumbs_separator_color":"","ocean_breadcrumbs_links_color":"","ocean_breadcrumbs_links_hover_color":"","ocean_display_footer_widgets":"default","ocean_display_footer_bottom":"default","ocean_custom_footer_template":"0","footnotes":""},"class_list":["post-78","page","type-page","status-publish","hentry","entry"],"_links":{"self":[{"href":"https:\/\/xn--bzv-brhl-c6a.de\/index.php?rest_route=\/wp\/v2\/pages\/78","targetHints":{"allow":["GET"]}}],"collection":[{"href":"https:\/\/xn--bzv-brhl-c6a.de\/index.php?rest_route=\/wp\/v2\/pages"}],"about":[{"href":"https:\/\/xn--bzv-brhl-c6a.de\/index.php?rest_route=\/wp\/v2\/types\/page"}],"author":[{"embeddable":true,"href":"https:\/\/xn--bzv-brhl-c6a.de\/index.php?rest_route=\/wp\/v2\/users\/1"}],"replies":[{"embeddable":true,"href":"https:\/\/xn--bzv-brhl-c6a.de\/index.php?rest_route=%2Fwp%2Fv2%2Fcomments&post=78"}],"version-history":[{"count":37,"href":"https:\/\/xn--bzv-brhl-c6a.de\/index.php?rest_route=\/wp\/v2\/pages\/78\/revisions"}],"predecessor-version":[{"id":4498,"href":"https:\/\/xn--bzv-brhl-c6a.de\/index.php?rest_route=\/wp\/v2\/pages\/78\/revisions\/4498"}],"up":[{"embeddable":true,"href":"https:\/\/xn--bzv-brhl-c6a.de\/index.php?rest_route=\/wp\/v2\/pages\/53"}],"wp:attachment":[{"href":"https:\/\/xn--bzv-brhl-c6a.de\/index.php?rest_route=%2Fwp%2Fv2%2Fmedia&parent=78"}],"curies":[{"name":"wp","href":"https:\/\/api.w.org\/{rel}","templated":true}]}}