{"id":53,"date":"2018-07-06T10:58:43","date_gmt":"2018-07-06T10:58:43","guid":{"rendered":"http:\/\/xn--bzv-brhl-c6a.de\/?page_id=53"},"modified":"2026-03-24T17:40:44","modified_gmt":"2026-03-24T17:40:44","slug":"home","status":"publish","type":"page","link":"https:\/\/xn--bzv-brhl-c6a.de\/","title":{"rendered":"Home"},"content":{"rendered":"\t\t<div data-elementor-type=\"wp-page\" data-elementor-id=\"53\" class=\"elementor elementor-53\">\n\t\t\t\t\t\t<section class=\"elementor-section elementor-top-section elementor-element elementor-element-1362cf3 elementor-section-full_width elementor-section-height-default elementor-section-height-default\" data-id=\"1362cf3\" data-element_type=\"section\" data-e-type=\"section\">\n\t\t\t\t\t\t<div class=\"elementor-container elementor-column-gap-default\">\n\t\t\t\t\t<div class=\"elementor-column elementor-col-100 elementor-top-column elementor-element elementor-element-b9922ca\" data-id=\"b9922ca\" data-element_type=\"column\" data-e-type=\"column\">\n\t\t\t<div class=\"elementor-widget-wrap elementor-element-populated\">\n\t\t\t\t\t\t<div class=\"elementor-element elementor-element-7191b48 elementor-widget elementor-widget-spacer\" data-id=\"7191b48\" data-element_type=\"widget\" data-e-type=\"widget\" data-widget_type=\"spacer.default\">\n\t\t\t\t<div class=\"elementor-widget-container\">\n\t\t\t\t\t\t\t<div class=\"elementor-spacer\">\n\t\t\t<div class=\"elementor-spacer-inner\"><\/div>\n\t\t<\/div>\n\t\t\t\t\t\t<\/div>\n\t\t\t\t<\/div>\n\t\t\t\t\t<\/div>\n\t\t<\/div>\n\t\t\t\t\t<\/div>\n\t\t<\/section>\n\t\t\t\t<section class=\"elementor-section elementor-top-section elementor-element elementor-element-32a53c3 elementor-section-content-top elementor-section-full_width elementor-section-height-default elementor-section-height-default\" data-id=\"32a53c3\" data-element_type=\"section\" data-e-type=\"section\">\n\t\t\t\t\t\t<div class=\"elementor-container elementor-column-gap-no\">\n\t\t\t\t\t<div class=\"elementor-column elementor-col-100 elementor-top-column elementor-element elementor-element-9f3dc49\" data-id=\"9f3dc49\" data-element_type=\"column\" data-e-type=\"column\">\n\t\t\t<div class=\"elementor-widget-wrap elementor-element-populated\">\n\t\t\t\t\t\t<div class=\"elementor-element elementor-element-7ab2c15 elementor-absolute elementor-widget elementor-widget-heading\" data-id=\"7ab2c15\" data-element_type=\"widget\" data-e-type=\"widget\" data-settings=\"{&quot;_position&quot;:&quot;absolute&quot;}\" data-widget_type=\"heading.default\">\n\t\t\t\t<div class=\"elementor-widget-container\">\n\t\t\t\t\t<h5 class=\"elementor-heading-title elementor-size-xl\">Bezirksverband Br\u00fchl<\/h5>\t\t\t\t<\/div>\n\t\t\t\t<\/div>\n\t\t\t\t<div class=\"elementor-element elementor-element-b9ed633 elementor-widget elementor-widget-spacer\" data-id=\"b9ed633\" data-element_type=\"widget\" data-e-type=\"widget\" data-widget_type=\"spacer.default\">\n\t\t\t\t<div class=\"elementor-widget-container\">\n\t\t\t\t\t\t\t<div class=\"elementor-spacer\">\n\t\t\t<div class=\"elementor-spacer-inner\"><\/div>\n\t\t<\/div>\n\t\t\t\t\t\t<\/div>\n\t\t\t\t<\/div>\n\t\t\t\t<div class=\"elementor-element elementor-element-78c649d elementor-widget elementor-widget-image\" data-id=\"78c649d\" data-element_type=\"widget\" data-e-type=\"widget\" data-widget_type=\"image.default\">\n\t\t\t\t<div class=\"elementor-widget-container\">\n\t\t\t\t\t\t\t\t\t\t\t\t<figure class=\"wp-caption\">\n\t\t\t\t\t\t\t\t\t\t<img fetchpriority=\"high\" decoding=\"async\" width=\"1024\" height=\"685\" src=\"http:\/\/xn--bzv-brhl-c6a.de\/wp-content\/uploads\/2018\/07\/Bruehl_Schloss_Augustusburg.jpg\" class=\"attachment-1536x1536 size-1536x1536 wp-image-110\" alt=\"\" srcset=\"http:\/\/xn--bzv-brhl-c6a.de\/wp-content\/uploads\/2018\/07\/Bruehl_Schloss_Augustusburg.jpg 1024w, http:\/\/xn--bzv-brhl-c6a.de\/wp-content\/uploads\/2018\/07\/Bruehl_Schloss_Augustusburg-300x201.jpg 300w, http:\/\/xn--bzv-brhl-c6a.de\/wp-content\/uploads\/2018\/07\/Bruehl_Schloss_Augustusburg-768x514.jpg 768w\" sizes=\"(max-width: 1024px) 100vw, 1024px\" \/>\t\t\t\t\t\t\t\t\t\t\t<figcaption class=\"widget-image-caption wp-caption-text\">Schloss Augustusburg in Br\u00fchl<\/figcaption>\n\t\t\t\t\t\t\t\t\t\t<\/figure>\n\t\t\t\t\t\t\t\t\t<\/div>\n\t\t\t\t<\/div>\n\t\t\t\t\t<\/div>\n\t\t<\/div>\n\t\t\t\t\t<\/div>\n\t\t<\/section>\n\t\t\t\t<section class=\"elementor-section elementor-top-section elementor-element elementor-element-15878cd elementor-section-full_width elementor-section-height-default elementor-section-height-default\" data-id=\"15878cd\" data-element_type=\"section\" data-e-type=\"section\" data-settings=\"{&quot;shape_divider_top&quot;:&quot;triangle&quot;}\">\n\t\t\t\t\t<div class=\"elementor-shape elementor-shape-top\" aria-hidden=\"true\" data-negative=\"false\">\n\t\t\t<svg xmlns=\"http:\/\/www.w3.org\/2000\/svg\" viewBox=\"0 0 1000 100\" preserveAspectRatio=\"none\">\n\t<path class=\"elementor-shape-fill\" d=\"M500,98.9L0,6.1V0h1000v6.1L500,98.9z\"\/>\n<\/svg>\t\t<\/div>\n\t\t\t\t\t<div class=\"elementor-container elementor-column-gap-no\">\n\t\t\t\t\t<div class=\"elementor-column elementor-col-100 elementor-top-column elementor-element elementor-element-5ba5237\" data-id=\"5ba5237\" data-element_type=\"column\" data-e-type=\"column\">\n\t\t\t<div class=\"elementor-widget-wrap elementor-element-populated\">\n\t\t\t\t\t\t<div class=\"elementor-element elementor-element-b1b3f0a elementor-widget-divider--view-line elementor-widget elementor-widget-divider\" data-id=\"b1b3f0a\" data-element_type=\"widget\" data-e-type=\"widget\" data-widget_type=\"divider.default\">\n\t\t\t\t<div class=\"elementor-widget-container\">\n\t\t\t\t\t\t\t<div class=\"elementor-divider\">\n\t\t\t<span class=\"elementor-divider-separator\">\n\t\t\t\t\t\t<\/span>\n\t\t<\/div>\n\t\t\t\t\t\t<\/div>\n\t\t\t\t<\/div>\n\t\t\t\t\t<\/div>\n\t\t<\/div>\n\t\t\t\t\t<\/div>\n\t\t<\/section>\n\t\t\t\t<section class=\"elementor-section elementor-top-section elementor-element elementor-element-44b63ae elementor-section-boxed elementor-section-height-default elementor-section-height-default\" data-id=\"44b63ae\" data-element_type=\"section\" data-e-type=\"section\">\n\t\t\t\t\t\t<div class=\"elementor-container elementor-column-gap-default\">\n\t\t\t\t\t<div class=\"elementor-column elementor-col-100 elementor-top-column elementor-element elementor-element-7201fce\" data-id=\"7201fce\" data-element_type=\"column\" data-e-type=\"column\">\n\t\t\t<div class=\"elementor-widget-wrap elementor-element-populated\">\n\t\t\t\t\t\t<div class=\"elementor-element elementor-element-2aa9d1f elementor-widget elementor-widget-text-editor\" data-id=\"2aa9d1f\" data-element_type=\"widget\" data-e-type=\"widget\" data-widget_type=\"text-editor.default\">\n\t\t\t\t<div class=\"elementor-widget-container\">\n\t\t\t\t\t\t\t\t\t<h2 style=\"text-align: center;\"><span style=\"color: #0000ff;\"><span style=\"font-size: 14pt;\">Bezirksk\u00f6nig:\u00a0 Dietmar Lenz von Donatus Efferen<\/span><\/span><\/h2><h2 style=\"text-align: center;\"><span style=\"color: #0000ff;\"><span style=\"font-size: 14pt;\">Bezirksbambiniprinz:\u00a0 Lilli de Riet von\u00a0<\/span><\/span><span style=\"color: #0000ff;\"><span style=\"font-size: 14pt;\">Donatus Efferen<\/span><\/span><\/h2><h2 style=\"text-align: center;\"><span style=\"color: #0000ff;\"><span style=\"font-size: 14pt;\">Bezirkssch\u00fclerprinz:\u00a0 Timm Lottner von Sebastianus Godorf<br \/><\/span><\/span><\/h2><h2 style=\"text-align: center;\"><span style=\"color: #0000ff;\"><span style=\"font-size: 14pt;\">Bezirksjugendprinz:\u00a0 Dana Fle\u00dfing von <\/span><\/span><span style=\"color: #0000ff;\"><span style=\"font-size: 14pt;\">Hubertus Fischenich<\/span><\/span><\/h2><h2 style=\"text-align: center;\"><span style=\"color: #0000ff; font-size: 14pt;\">Bezirksliesel: Anni Bacher von\u00a0<\/span><span style=\"color: #0000ff;\"><span style=\"font-size: 14pt;\">Donatus Efferen<\/span><\/span><\/h2>\t\t\t\t\t\t\t\t<\/div>\n\t\t\t\t<\/div>\n\t\t\t\t\t<\/div>\n\t\t<\/div>\n\t\t\t\t\t<\/div>\n\t\t<\/section>\n\t\t\t\t<section class=\"elementor-section elementor-top-section elementor-element elementor-element-11de07a elementor-section-boxed elementor-section-height-default elementor-section-height-default\" data-id=\"11de07a\" data-element_type=\"section\" data-e-type=\"section\">\n\t\t\t\t\t\t<div class=\"elementor-container elementor-column-gap-default\">\n\t\t\t\t\t<div class=\"elementor-column elementor-col-100 elementor-top-column elementor-element elementor-element-b9ab831\" data-id=\"b9ab831\" data-element_type=\"column\" data-e-type=\"column\">\n\t\t\t<div class=\"elementor-widget-wrap elementor-element-populated\">\n\t\t\t\t\t\t<div class=\"elementor-element elementor-element-ed96c9e elementor-widget elementor-widget-text-editor\" data-id=\"ed96c9e\" data-element_type=\"widget\" data-e-type=\"widget\" data-widget_type=\"text-editor.default\">\n\t\t\t\t<div class=\"elementor-widget-container\">\n\t\t\t\t\t\t\t\t\t<h1 style=\"text-align: center;\"><span style=\"color: #ff0000;\"><strong>Wichtige Termine<\/strong><\/span><\/h1><h1 style=\"text-align: center;\">Die neuen Bezirksmajest\u00e4ten<\/h1><h1 style=\"text-align: center;\">Jugend<\/h1><p><img decoding=\"async\" class=\"alignnone size-medium wp-image-4694 aligncenter\" src=\"http:\/\/xn--bzv-brhl-c6a.de\/wp-content\/uploads\/2026\/03\/Jugend-281x300.jpg\" alt=\"\" width=\"281\" height=\"300\" srcset=\"https:\/\/xn--bzv-brhl-c6a.de\/wp-content\/uploads\/2026\/03\/Jugend-281x300.jpg 281w, https:\/\/xn--bzv-brhl-c6a.de\/wp-content\/uploads\/2026\/03\/Jugend-960x1024.jpg 960w, https:\/\/xn--bzv-brhl-c6a.de\/wp-content\/uploads\/2026\/03\/Jugend-768x819.jpg 768w, https:\/\/xn--bzv-brhl-c6a.de\/wp-content\/uploads\/2026\/03\/Jugend-1440x1536.jpg 1440w, https:\/\/xn--bzv-brhl-c6a.de\/wp-content\/uploads\/2026\/03\/Jugend.jpg 1609w\" sizes=\"(max-width: 281px) 100vw, 281px\" \/><\/p><h1 style=\"text-align: center;\">von links:<\/h1><h1 style=\"text-align: center;\">Sch\u00fclerprinz Tim Lottner (Seb Godorf), \u00a0Jugendprinz Dana Fle\u00dfing (Hub. Fischenich),\u00a0Bambiniprinz Lilli de Riet (Don. Efferen)<\/h1><p><img decoding=\"async\" class=\"alignnone size-medium wp-image-4695 aligncenter\" src=\"http:\/\/xn--bzv-brhl-c6a.de\/wp-content\/uploads\/2026\/03\/2026-Bezirksliesel-114x300.jpg\" alt=\"\" width=\"114\" height=\"300\" srcset=\"https:\/\/xn--bzv-brhl-c6a.de\/wp-content\/uploads\/2026\/03\/2026-Bezirksliesel-114x300.jpg 114w, https:\/\/xn--bzv-brhl-c6a.de\/wp-content\/uploads\/2026\/03\/2026-Bezirksliesel-388x1024.jpg 388w, https:\/\/xn--bzv-brhl-c6a.de\/wp-content\/uploads\/2026\/03\/2026-Bezirksliesel-582x1536.jpg 582w, https:\/\/xn--bzv-brhl-c6a.de\/wp-content\/uploads\/2026\/03\/2026-Bezirksliesel.jpg 606w\" sizes=\"(max-width: 114px) 100vw, 114px\" \/><\/p><h1 style=\"text-align: center;\">Anni Bacher (Don. Efferen)<\/h1><p><img loading=\"lazy\" decoding=\"async\" class=\"alignnone size-medium wp-image-4696 aligncenter\" src=\"http:\/\/xn--bzv-brhl-c6a.de\/wp-content\/uploads\/2026\/03\/2026-Bezirkskoenig-93x300.jpg\" alt=\"\" width=\"93\" height=\"300\" srcset=\"https:\/\/xn--bzv-brhl-c6a.de\/wp-content\/uploads\/2026\/03\/2026-Bezirkskoenig-93x300.jpg 93w, https:\/\/xn--bzv-brhl-c6a.de\/wp-content\/uploads\/2026\/03\/2026-Bezirkskoenig-317x1024.jpg 317w, https:\/\/xn--bzv-brhl-c6a.de\/wp-content\/uploads\/2026\/03\/2026-Bezirkskoenig.jpg 399w\" sizes=\"(max-width: 93px) 100vw, 93px\" \/><\/p><h1 style=\"text-align: center;\">Dietmar Lenz (Don. Efferen)<\/h1><h1 style=\"text-align: center;\">Verleihung des Silbernen Verdienstorden auf der Jahreshauptversammlung an<\/h1><h1 style=\"text-align: center;\">Angelika Merz von Hubertus Pingsdorf<\/h1><p><img loading=\"lazy\" decoding=\"async\" class=\" wp-image-4640 aligncenter\" src=\"http:\/\/xn--bzv-brhl-c6a.de\/wp-content\/uploads\/2025\/02\/20250217_205241-300x135.jpg\" alt=\"\" width=\"493\" height=\"222\" srcset=\"https:\/\/xn--bzv-brhl-c6a.de\/wp-content\/uploads\/2025\/02\/20250217_205241-300x135.jpg 300w, https:\/\/xn--bzv-brhl-c6a.de\/wp-content\/uploads\/2025\/02\/20250217_205241-1024x462.jpg 1024w, https:\/\/xn--bzv-brhl-c6a.de\/wp-content\/uploads\/2025\/02\/20250217_205241-768x346.jpg 768w, https:\/\/xn--bzv-brhl-c6a.de\/wp-content\/uploads\/2025\/02\/20250217_205241-1536x692.jpg 1536w, https:\/\/xn--bzv-brhl-c6a.de\/wp-content\/uploads\/2025\/02\/20250217_205241-2048x923.jpg 2048w\" sizes=\"(max-width: 493px) 100vw, 493px\" \/><\/p><h1>\u00a0<\/h1><h1 style=\"text-align: center;\">Verleihung des Jugendverdienstorden in Bronze an:<\/h1><h1 style=\"text-align: center;\">Dawid Garbe, Sebastian Lenz, Florian Lenz mit dem neuen Bundsk\u00f6nig Bj\u00f6rn Karow<\/h1><p><img loading=\"lazy\" decoding=\"async\" class=\"alignnone size-medium wp-image-4625 aligncenter\" src=\"http:\/\/xn--bzv-brhl-c6a.de\/wp-content\/uploads\/2024\/10\/Jugendoeden-300x237.jpg\" alt=\"\" width=\"300\" height=\"237\" srcset=\"https:\/\/xn--bzv-brhl-c6a.de\/wp-content\/uploads\/2024\/10\/Jugendoeden-300x237.jpg 300w, https:\/\/xn--bzv-brhl-c6a.de\/wp-content\/uploads\/2024\/10\/Jugendoeden-1024x807.jpg 1024w, https:\/\/xn--bzv-brhl-c6a.de\/wp-content\/uploads\/2024\/10\/Jugendoeden-768x606.jpg 768w, https:\/\/xn--bzv-brhl-c6a.de\/wp-content\/uploads\/2024\/10\/Jugendoeden.jpg 1225w\" sizes=\"(max-width: 300px) 100vw, 300px\" \/><\/p><h1>\u00a0<\/h1><h1 style=\"text-align: center;\">Verleihung des Sebastianus Ehrenkreuz an Dietmar Lenz von Donatus Efferen<\/h1><p><img loading=\"lazy\" decoding=\"async\" class=\"size-medium wp-image-4626 aligncenter\" src=\"http:\/\/xn--bzv-brhl-c6a.de\/wp-content\/uploads\/2024\/10\/HBO-Lenz-106x300.jpg\" alt=\"\" width=\"106\" height=\"300\" srcset=\"https:\/\/xn--bzv-brhl-c6a.de\/wp-content\/uploads\/2024\/10\/HBO-Lenz-106x300.jpg 106w, https:\/\/xn--bzv-brhl-c6a.de\/wp-content\/uploads\/2024\/10\/HBO-Lenz-363x1024.jpg 363w, https:\/\/xn--bzv-brhl-c6a.de\/wp-content\/uploads\/2024\/10\/HBO-Lenz-545x1536.jpg 545w, https:\/\/xn--bzv-brhl-c6a.de\/wp-content\/uploads\/2024\/10\/HBO-Lenz.jpg 713w\" sizes=\"(max-width: 106px) 100vw, 106px\" \/><\/p><h1 style=\"text-align: center;\">Verleihung des Hohen Bruderschaftsorden an Michael Henseler von Sebastianus Vochem<\/h1><p><img loading=\"lazy\" decoding=\"async\" class=\"alignnone size-medium wp-image-4588 aligncenter\" src=\"http:\/\/xn--bzv-brhl-c6a.de\/wp-content\/uploads\/2024\/10\/HBO-Henseler-300x259.jpg\" alt=\"\" width=\"300\" height=\"259\" srcset=\"https:\/\/xn--bzv-brhl-c6a.de\/wp-content\/uploads\/2024\/10\/HBO-Henseler-300x259.jpg 300w, https:\/\/xn--bzv-brhl-c6a.de\/wp-content\/uploads\/2024\/10\/HBO-Henseler-1024x885.jpg 1024w, https:\/\/xn--bzv-brhl-c6a.de\/wp-content\/uploads\/2024\/10\/HBO-Henseler-768x664.jpg 768w, https:\/\/xn--bzv-brhl-c6a.de\/wp-content\/uploads\/2024\/10\/HBO-Henseler-1536x1327.jpg 1536w, https:\/\/xn--bzv-brhl-c6a.de\/wp-content\/uploads\/2024\/10\/HBO-Henseler-2048x1770.jpg 2048w\" sizes=\"(max-width: 300px) 100vw, 300px\" \/><\/p><h1 style=\"text-align: center;\">Bezirksk\u00f6nigspaar und Bundesmeister im D\u00fcsseldorfer Landtag<\/h1><p><img loading=\"lazy\" decoding=\"async\" class=\"size-medium wp-image-4581 aligncenter\" src=\"http:\/\/xn--bzv-brhl-c6a.de\/wp-content\/uploads\/2024\/10\/Landtagsbesuch-300x292.jpg\" alt=\"\" width=\"300\" height=\"292\" srcset=\"https:\/\/xn--bzv-brhl-c6a.de\/wp-content\/uploads\/2024\/10\/Landtagsbesuch-300x292.jpg 300w, https:\/\/xn--bzv-brhl-c6a.de\/wp-content\/uploads\/2024\/10\/Landtagsbesuch-1024x997.jpg 1024w, https:\/\/xn--bzv-brhl-c6a.de\/wp-content\/uploads\/2024\/10\/Landtagsbesuch-768x747.jpg 768w, https:\/\/xn--bzv-brhl-c6a.de\/wp-content\/uploads\/2024\/10\/Landtagsbesuch-1536x1495.jpg 1536w, https:\/\/xn--bzv-brhl-c6a.de\/wp-content\/uploads\/2024\/10\/Landtagsbesuch-2048x1993.jpg 2048w\" sizes=\"(max-width: 300px) 100vw, 300px\" \/><\/p><h1 style=\"text-align: center;\">Bezirksverband Br\u00fchl beim Europafest angetreten<\/h1><p><img loading=\"lazy\" decoding=\"async\" class=\"alignnone size-medium wp-image-4563 aligncenter\" src=\"http:\/\/xn--bzv-brhl-c6a.de\/wp-content\/uploads\/2024\/09\/1edf7100-cc72-4dde-b65b-eb2322c74e14-225x300.jpg\" alt=\"\" width=\"225\" height=\"300\" srcset=\"https:\/\/xn--bzv-brhl-c6a.de\/wp-content\/uploads\/2024\/09\/1edf7100-cc72-4dde-b65b-eb2322c74e14-225x300.jpg 225w, https:\/\/xn--bzv-brhl-c6a.de\/wp-content\/uploads\/2024\/09\/1edf7100-cc72-4dde-b65b-eb2322c74e14-768x1024.jpg 768w, https:\/\/xn--bzv-brhl-c6a.de\/wp-content\/uploads\/2024\/09\/1edf7100-cc72-4dde-b65b-eb2322c74e14-1152x1536.jpg 1152w, https:\/\/xn--bzv-brhl-c6a.de\/wp-content\/uploads\/2024\/09\/1edf7100-cc72-4dde-b65b-eb2322c74e14.jpg 1200w\" sizes=\"(max-width: 225px) 100vw, 225px\" \/><\/p><h1 style=\"text-align: center;\">Der Bezirksverband Br\u00fchl nahm beim Bundesfest in Rietberg mit einer gro\u00dfen Anzahl Sch\u00fctzen teil.<img loading=\"lazy\" decoding=\"async\" class=\" wp-image-4573 aligncenter\" src=\"http:\/\/xn--bzv-brhl-c6a.de\/wp-content\/uploads\/2024\/09\/IMG_3881-300x180.jpg\" alt=\"\" width=\"546\" height=\"328\" srcset=\"https:\/\/xn--bzv-brhl-c6a.de\/wp-content\/uploads\/2024\/09\/IMG_3881-300x180.jpg 300w, https:\/\/xn--bzv-brhl-c6a.de\/wp-content\/uploads\/2024\/09\/IMG_3881-1024x614.jpg 1024w, https:\/\/xn--bzv-brhl-c6a.de\/wp-content\/uploads\/2024\/09\/IMG_3881-768x460.jpg 768w, https:\/\/xn--bzv-brhl-c6a.de\/wp-content\/uploads\/2024\/09\/IMG_3881-1536x921.jpg 1536w, https:\/\/xn--bzv-brhl-c6a.de\/wp-content\/uploads\/2024\/09\/IMG_3881-2048x1228.jpg 2048w\" sizes=\"(max-width: 546px) 100vw, 546px\" \/><span style=\"color: #008000;\">Unserem langj\u00e4hrigen Bezirkspr\u00e4ses Pfarrer Reinhold Steinr\u00f6der wurde auf der JHV\u00a0 2023 zum Dank und als Anerkennung f\u00fcr seinen Einsatz der letzten 19 Jahre die Statue des heiligen Sebastianus verliehen.<\/span><\/h1><h1 style=\"text-align: center;\"><span style=\"color: #008000;\">Auch wurde ihm dazu die entsprechende Urkunde \u00fcberreicht.<\/span><\/h1><p><img loading=\"lazy\" decoding=\"async\" class=\"alignnone wp-image-4442 aligncenter\" src=\"http:\/\/xn--bzv-brhl-c6a.de\/wp-content\/uploads\/2023\/03\/FullSizeRender-1-300x169.jpeg\" alt=\"\" width=\"473\" height=\"266\" srcset=\"https:\/\/xn--bzv-brhl-c6a.de\/wp-content\/uploads\/2023\/03\/FullSizeRender-1-300x169.jpeg 300w, https:\/\/xn--bzv-brhl-c6a.de\/wp-content\/uploads\/2023\/03\/FullSizeRender-1-1024x576.jpeg 1024w, https:\/\/xn--bzv-brhl-c6a.de\/wp-content\/uploads\/2023\/03\/FullSizeRender-1-768x432.jpeg 768w, https:\/\/xn--bzv-brhl-c6a.de\/wp-content\/uploads\/2023\/03\/FullSizeRender-1-1536x864.jpeg 1536w, https:\/\/xn--bzv-brhl-c6a.de\/wp-content\/uploads\/2023\/03\/FullSizeRender-1-2048x1152.jpeg 2048w, https:\/\/xn--bzv-brhl-c6a.de\/wp-content\/uploads\/2023\/03\/FullSizeRender-1-800x450.jpeg 800w\" sizes=\"(max-width: 473px) 100vw, 473px\" \/><\/p><p>\u00a0<\/p>\t\t\t\t\t\t\t\t<\/div>\n\t\t\t\t<\/div>\n\t\t\t\t\t<\/div>\n\t\t<\/div>\n\t\t\t\t\t<\/div>\n\t\t<\/section>\n\t\t\t\t<section class=\"elementor-section elementor-top-section elementor-element elementor-element-662c69c elementor-section-boxed elementor-section-height-default elementor-section-height-default\" data-id=\"662c69c\" data-element_type=\"section\" data-e-type=\"section\">\n\t\t\t\t\t\t<div class=\"elementor-container elementor-column-gap-default\">\n\t\t\t\t\t<div class=\"elementor-column elementor-col-100 elementor-top-column elementor-element elementor-element-fa8cbca\" data-id=\"fa8cbca\" data-element_type=\"column\" data-e-type=\"column\">\n\t\t\t<div class=\"elementor-widget-wrap\">\n\t\t\t\t\t\t\t<\/div>\n\t\t<\/div>\n\t\t\t\t\t<\/div>\n\t\t<\/section>\n\t\t\t\t<\/div>\n\t\t","protected":false},"excerpt":{"rendered":"<p>Bezirksverband Br\u00fchl Schloss Augustusburg in Br\u00fchl Bezirksk\u00f6nig:\u00a0 Dietmar Lenz von Donatus Efferen Bezirksbambiniprinz:\u00a0 Lilli de Riet von\u00a0Donatus Efferen Bezirkssch\u00fclerprinz:\u00a0 Timm Lottner von Sebastianus Godorf Bezirksjugendprinz:\u00a0 Dana Fle\u00dfing von Hubertus Fischenich Bezirksliesel: Anni Bacher von\u00a0Donatus Efferen Wichtige Termine Die neuen Bezirksmajest\u00e4ten Jugend von links: Sch\u00fclerprinz Tim Lottner (Seb Godorf), \u00a0Jugendprinz Dana Fle\u00dfing (Hub. Fischenich),\u00a0Bambiniprinz Lilli de [&hellip;]<\/p>\n","protected":false},"author":1,"featured_media":0,"parent":0,"menu_order":0,"comment_status":"closed","ping_status":"closed","template":"elementor_header_footer","meta":{"ngg_post_thumbnail":0,"ocean_post_layout":"full-screen","ocean_both_sidebars_style":"","ocean_both_sidebars_content_width":0,"ocean_both_sidebars_sidebars_width":0,"ocean_sidebar":"0","ocean_second_sidebar":"0","ocean_disable_margins":"on","ocean_add_body_class":"","ocean_shortcode_before_top_bar":"","ocean_shortcode_after_top_bar":"","ocean_shortcode_before_header":"","ocean_shortcode_after_header":"","ocean_has_shortcode":"","ocean_shortcode_after_title":"","ocean_shortcode_before_footer_widgets":"","ocean_shortcode_after_footer_widgets":"","ocean_shortcode_before_footer_bottom":"","ocean_shortcode_after_footer_bottom":"","ocean_display_top_bar":"on","ocean_display_header":"on","ocean_header_style":"","ocean_center_header_left_menu":"0","ocean_custom_header_template":"0","ocean_custom_logo":0,"ocean_custom_retina_logo":0,"ocean_custom_logo_max_width":0,"ocean_custom_logo_tablet_max_width":0,"ocean_custom_logo_mobile_max_width":0,"ocean_custom_logo_max_height":0,"ocean_custom_logo_tablet_max_height":0,"ocean_custom_logo_mobile_max_height":0,"ocean_header_custom_menu":"6","ocean_menu_typo_font_family":"0","ocean_menu_typo_font_subset":"","ocean_menu_typo_font_size":0,"ocean_menu_typo_font_size_tablet":0,"ocean_menu_typo_font_size_mobile":0,"ocean_menu_typo_font_size_unit":"px","ocean_menu_typo_font_weight":"","ocean_menu_typo_font_weight_tablet":"","ocean_menu_typo_font_weight_mobile":"","ocean_menu_typo_transform":"","ocean_menu_typo_transform_tablet":"","ocean_menu_typo_transform_mobile":"","ocean_menu_typo_line_height":0,"ocean_menu_typo_line_height_tablet":0,"ocean_menu_typo_line_height_mobile":0,"ocean_menu_typo_line_height_unit":"","ocean_menu_typo_spacing":0,"ocean_menu_typo_spacing_tablet":0,"ocean_menu_typo_spacing_mobile":0,"ocean_menu_typo_spacing_unit":"","ocean_menu_link_color":"","ocean_menu_link_color_hover":"","ocean_menu_link_color_active":"","ocean_menu_link_background":"","ocean_menu_link_hover_background":"","ocean_menu_link_active_background":"","ocean_menu_social_links_bg":"","ocean_menu_social_hover_links_bg":"","ocean_menu_social_links_color":"","ocean_menu_social_hover_links_color":"","ocean_disable_title":"on","ocean_disable_heading":"on","ocean_post_title":"","ocean_post_subheading":"","ocean_post_title_style":"","ocean_post_title_background_color":"","ocean_post_title_background":0,"ocean_post_title_bg_image_position":"","ocean_post_title_bg_image_attachment":"","ocean_post_title_bg_image_repeat":"","ocean_post_title_bg_image_size":"","ocean_post_title_height":0,"ocean_post_title_bg_overlay":0.5,"ocean_post_title_bg_overlay_color":"","ocean_disable_breadcrumbs":"default","ocean_breadcrumbs_color":"","ocean_breadcrumbs_separator_color":"","ocean_breadcrumbs_links_color":"","ocean_breadcrumbs_links_hover_color":"","ocean_display_footer_widgets":"on","ocean_display_footer_bottom":"on","ocean_custom_footer_template":"0","footnotes":""},"class_list":["post-53","page","type-page","status-publish","hentry","entry"],"_links":{"self":[{"href":"https:\/\/xn--bzv-brhl-c6a.de\/index.php?rest_route=\/wp\/v2\/pages\/53","targetHints":{"allow":["GET"]}}],"collection":[{"href":"https:\/\/xn--bzv-brhl-c6a.de\/index.php?rest_route=\/wp\/v2\/pages"}],"about":[{"href":"https:\/\/xn--bzv-brhl-c6a.de\/index.php?rest_route=\/wp\/v2\/types\/page"}],"author":[{"embeddable":true,"href":"https:\/\/xn--bzv-brhl-c6a.de\/index.php?rest_route=\/wp\/v2\/users\/1"}],"replies":[{"embeddable":true,"href":"https:\/\/xn--bzv-brhl-c6a.de\/index.php?rest_route=%2Fwp%2Fv2%2Fcomments&post=53"}],"version-history":[{"count":218,"href":"https:\/\/xn--bzv-brhl-c6a.de\/index.php?rest_route=\/wp\/v2\/pages\/53\/revisions"}],"predecessor-version":[{"id":4702,"href":"https:\/\/xn--bzv-brhl-c6a.de\/index.php?rest_route=\/wp\/v2\/pages\/53\/revisions\/4702"}],"wp:attachment":[{"href":"https:\/\/xn--bzv-brhl-c6a.de\/index.php?rest_route=%2Fwp%2Fv2%2Fmedia&parent=53"}],"curies":[{"name":"wp","href":"https:\/\/api.w.org\/{rel}","templated":true}]}}