{"id":2146,"date":"2018-08-14T14:21:10","date_gmt":"2018-08-14T14:21:10","guid":{"rendered":"http:\/\/xn--bzv-brhl-c6a.de\/?page_id=2146"},"modified":"2023-10-19T09:11:11","modified_gmt":"2023-10-19T09:11:11","slug":"bezirksvorstand","status":"publish","type":"page","link":"https:\/\/xn--bzv-brhl-c6a.de\/?page_id=2146","title":{"rendered":"Bezirksvorstand"},"content":{"rendered":"\t\t<div data-elementor-type=\"wp-post\" data-elementor-id=\"2146\" class=\"elementor elementor-2146\">\n\t\t\t\t\t\t<section class=\"elementor-section elementor-top-section elementor-element elementor-element-7d1b6a1 elementor-section-boxed elementor-section-height-default elementor-section-height-default\" data-id=\"7d1b6a1\" data-element_type=\"section\" data-e-type=\"section\">\n\t\t\t\t\t\t<div class=\"elementor-container elementor-column-gap-default\">\n\t\t\t\t\t<div class=\"elementor-column elementor-col-100 elementor-top-column elementor-element elementor-element-f652781\" data-id=\"f652781\" data-element_type=\"column\" data-e-type=\"column\">\n\t\t\t<div class=\"elementor-widget-wrap elementor-element-populated\">\n\t\t\t\t\t\t<div class=\"elementor-element elementor-element-a3d1ded elementor-widget elementor-widget-spacer\" data-id=\"a3d1ded\" data-element_type=\"widget\" data-e-type=\"widget\" data-widget_type=\"spacer.default\">\n\t\t\t\t<div class=\"elementor-widget-container\">\n\t\t\t\t\t\t\t<div class=\"elementor-spacer\">\n\t\t\t<div class=\"elementor-spacer-inner\"><\/div>\n\t\t<\/div>\n\t\t\t\t\t\t<\/div>\n\t\t\t\t<\/div>\n\t\t\t\t<div class=\"elementor-element elementor-element-f339e9d elementor-widget elementor-widget-spacer\" data-id=\"f339e9d\" data-element_type=\"widget\" data-e-type=\"widget\" data-widget_type=\"spacer.default\">\n\t\t\t\t<div class=\"elementor-widget-container\">\n\t\t\t\t\t\t\t<div class=\"elementor-spacer\">\n\t\t\t<div class=\"elementor-spacer-inner\"><\/div>\n\t\t<\/div>\n\t\t\t\t\t\t<\/div>\n\t\t\t\t<\/div>\n\t\t\t\t\t<\/div>\n\t\t<\/div>\n\t\t\t\t\t<\/div>\n\t\t<\/section>\n\t\t\t\t<section class=\"elementor-section elementor-top-section elementor-element elementor-element-4075155 elementor-section-boxed elementor-section-height-default elementor-section-height-default\" data-id=\"4075155\" data-element_type=\"section\" data-e-type=\"section\">\n\t\t\t\t\t\t<div class=\"elementor-container elementor-column-gap-default\">\n\t\t\t\t\t<div class=\"elementor-column elementor-col-100 elementor-top-column elementor-element elementor-element-0f97275\" data-id=\"0f97275\" data-element_type=\"column\" data-e-type=\"column\">\n\t\t\t<div class=\"elementor-widget-wrap elementor-element-populated\">\n\t\t\t\t\t\t<div class=\"elementor-element elementor-element-f15d257 elementor-tabs-view-horizontal elementor-widget elementor-widget-tabs\" data-id=\"f15d257\" data-element_type=\"widget\" data-e-type=\"widget\" data-widget_type=\"tabs.default\">\n\t\t\t\t<div class=\"elementor-widget-container\">\n\t\t\t\t\t\t\t<div class=\"elementor-tabs\">\n\t\t\t<div class=\"elementor-tabs-wrapper\" role=\"tablist\" >\n\t\t\t\t\t\t\t\t\t<div id=\"elementor-tab-title-2531\" class=\"elementor-tab-title elementor-tab-desktop-title\" aria-selected=\"true\" data-tab=\"1\" role=\"tab\" tabindex=\"0\" aria-controls=\"elementor-tab-content-2531\" aria-expanded=\"false\">Bezirksbundesmeister<\/div>\n\t\t\t\t\t\t\t\t\t<div id=\"elementor-tab-title-2532\" class=\"elementor-tab-title elementor-tab-desktop-title\" aria-selected=\"false\" data-tab=\"2\" role=\"tab\" tabindex=\"-1\" aria-controls=\"elementor-tab-content-2532\" aria-expanded=\"false\">Bezirksgesch\u00e4ftsf\u00fchrer<\/div>\n\t\t\t\t\t\t\t\t\t<div id=\"elementor-tab-title-2533\" class=\"elementor-tab-title elementor-tab-desktop-title\" aria-selected=\"false\" data-tab=\"3\" role=\"tab\" tabindex=\"-1\" aria-controls=\"elementor-tab-content-2533\" aria-expanded=\"false\">Bezirksschie\u00dfmeister<\/div>\n\t\t\t\t\t\t\t<\/div>\n\t\t\t<div class=\"elementor-tabs-content-wrapper\" role=\"tablist\" aria-orientation=\"vertical\">\n\t\t\t\t\t\t\t\t\t<div class=\"elementor-tab-title elementor-tab-mobile-title\" aria-selected=\"true\" data-tab=\"1\" role=\"tab\" tabindex=\"0\" aria-controls=\"elementor-tab-content-2531\" aria-expanded=\"false\">Bezirksbundesmeister<\/div>\n\t\t\t\t\t<div id=\"elementor-tab-content-2531\" class=\"elementor-tab-content elementor-clearfix\" data-tab=\"1\" role=\"tabpanel\" aria-labelledby=\"elementor-tab-title-2531\" tabindex=\"0\" hidden=\"false\"><h4 style=\"text-align: left;\"><img fetchpriority=\"high\" decoding=\"async\" class=\"alignnone size-medium wp-image-4055\" src=\"http:\/\/xn--bzv-brhl-c6a.de\/wp-content\/uploads\/2020\/03\/ONR-30700-Dirk-Vetterling-251x300.jpg\" alt=\"\" width=\"251\" height=\"300\" data-wp-editing=\"1\" srcset=\"https:\/\/xn--bzv-brhl-c6a.de\/wp-content\/uploads\/2020\/03\/ONR-30700-Dirk-Vetterling-251x300.jpg 251w, https:\/\/xn--bzv-brhl-c6a.de\/wp-content\/uploads\/2020\/03\/ONR-30700-Dirk-Vetterling-768x916.jpg 768w, https:\/\/xn--bzv-brhl-c6a.de\/wp-content\/uploads\/2020\/03\/ONR-30700-Dirk-Vetterling.jpg 834w\" sizes=\"(max-width: 251px) 100vw, 251px\" \/><span style=\"color: #000000;\">Dirk Vetterling<\/span><\/h4><h4 style=\"text-align: left;\" align=\"center\">Bezirksbundesmeister seit 14.02.2020<\/h4><h4 style=\"text-align: left;\" align=\"center\">Tel.: 02232 \/ 211219<br \/>Mobil: 0172 \/ 627 97 08<br \/>Email: d.vetterling@netcologne.de<\/h4><\/div>\n\t\t\t\t\t\t\t\t\t<div class=\"elementor-tab-title elementor-tab-mobile-title\" aria-selected=\"false\" data-tab=\"2\" role=\"tab\" tabindex=\"-1\" aria-controls=\"elementor-tab-content-2532\" aria-expanded=\"false\">Bezirksgesch\u00e4ftsf\u00fchrer<\/div>\n\t\t\t\t\t<div id=\"elementor-tab-content-2532\" class=\"elementor-tab-content elementor-clearfix\" data-tab=\"2\" role=\"tabpanel\" aria-labelledby=\"elementor-tab-title-2532\" tabindex=\"0\" hidden=\"hidden\"><p><img decoding=\"async\" class=\"size-medium wp-image-2166\" src=\"http:\/\/xn--bzv-brhl-c6a.de\/wp-content\/uploads\/2018\/08\/IMG_9885a-300x200.jpg\" alt=\"\" width=\"300\" height=\"200\" \/><\/p><h3><span id=\"role_document6\" style=\"color: #000000; font-family: Arial;\">J\u00fcrgen Behringer<\/span><\/h3><h3><span id=\"role_document6\" style=\"color: #000000; font-family: Arial;\">Bezirksgesch\u00e4ftsf\u00fchrer\u00a0seit 22.07.<\/span><span style=\"color: #000000; font-family: Arial;\">2011<\/span><\/h3><h3>Tel.: 02236 &#8211; 378563<\/h3><h3>juergen.behringer@westnetz.de<\/h3><\/div>\n\t\t\t\t\t\t\t\t\t<div class=\"elementor-tab-title elementor-tab-mobile-title\" aria-selected=\"false\" data-tab=\"3\" role=\"tab\" tabindex=\"-1\" aria-controls=\"elementor-tab-content-2533\" aria-expanded=\"false\">Bezirksschie\u00dfmeister<\/div>\n\t\t\t\t\t<div id=\"elementor-tab-content-2533\" class=\"elementor-tab-content elementor-clearfix\" data-tab=\"3\" role=\"tabpanel\" aria-labelledby=\"elementor-tab-title-2533\" tabindex=\"0\" hidden=\"hidden\"><h4 style=\"text-align: left;\"><span style=\"color: #000000;\"><img decoding=\"async\" class=\"alignnone size-medium wp-image-4095\" src=\"http:\/\/xn--bzv-brhl-c6a.de\/wp-content\/uploads\/2020\/03\/Hans-Rosen-300x258.jpg\" alt=\"\" width=\"300\" height=\"258\" srcset=\"https:\/\/xn--bzv-brhl-c6a.de\/wp-content\/uploads\/2020\/03\/Hans-Rosen-300x258.jpg 300w, https:\/\/xn--bzv-brhl-c6a.de\/wp-content\/uploads\/2020\/03\/Hans-Rosen-1024x879.jpg 1024w, https:\/\/xn--bzv-brhl-c6a.de\/wp-content\/uploads\/2020\/03\/Hans-Rosen-768x659.jpg 768w, https:\/\/xn--bzv-brhl-c6a.de\/wp-content\/uploads\/2020\/03\/Hans-Rosen-1536x1319.jpg 1536w, https:\/\/xn--bzv-brhl-c6a.de\/wp-content\/uploads\/2020\/03\/Hans-Rosen-2048x1758.jpg 2048w\" sizes=\"(max-width: 300px) 100vw, 300px\" \/>Hans Rosen<\/span><\/h4><h3 align=\"left\"><span style=\"font-family: Arial;\">Januar 1995 &#8211; 2005 stv. Bezirksschie\u00dfmeister<\/span><\/h3><h3 align=\"left\"><span style=\"font-family: Arial;\">Februar 2005 &#8211; April 2015 Bezirksschie\u00dfmeister<\/span><\/h3><h3 align=\"left\"><span style=\"font-family: Arial;\">August 2016 &#8211; Februar 2020 kommissarischer Bezirksschie\u00dfmeister<\/span><\/h3><h3 align=\"left\"><span style=\"font-family: Arial;\">Februar 2020\u00a0 Bezirksschie\u00dfmeister<\/span><\/h3><h3 align=\"left\"><span style=\"font-family: Arial;\">November 2009 &#8211; 2019 stv. Di\u00f6zesanschie\u00dfmeister<\/span><\/h3><h3 align=\"left\"><span style=\"font-family: Arial;\">2015 &#8211; 2020 Bezirksbundesmeister\u00a0<\/span><\/h3><h3 align=\"left\"><span style=\"font-family: Arial;\">Seit Februar 1998 Ligaleiter Bezirk 08 RSB<\/span><\/h3><h3 align=\"left\"><span style=\"font-family: Arial;\"> <br \/>Tel.: 02236 &#8211; 41688<br \/><\/span><span style=\"font-family: Arial;\">Mobil: 0172 7846 133<\/span><\/h3><p>\u00a0<\/p><h2 align=\"left\"><a href=\"mailto:nc-rosenha2@netcologne.de\"> <span style=\"color: #000000; font-family: Garamond; font-size: large;\">Hans.Rosen@netcologne.de<\/span><\/a><\/h2><p align=\"left\">\u00a0<\/p><\/div>\n\t\t\t\t\t\t\t<\/div>\n\t\t<\/div>\n\t\t\t\t\t\t<\/div>\n\t\t\t\t<\/div>\n\t\t\t\t<div class=\"elementor-element elementor-element-b096018 elementor-widget elementor-widget-image\" data-id=\"b096018\" data-element_type=\"widget\" data-e-type=\"widget\" data-widget_type=\"image.default\">\n\t\t\t\t<div class=\"elementor-widget-container\">\n\t\t\t\t\t\t\t\t\t\t\t\t<figure class=\"wp-caption\">\n\t\t\t\t\t\t\t\t\t\t<img loading=\"lazy\" decoding=\"async\" width=\"1024\" height=\"768\" src=\"https:\/\/xn--bzv-brhl-c6a.de\/wp-content\/uploads\/2022\/04\/Vorstand-2022.jpg\" class=\"attachment-large size-large wp-image-4235\" alt=\"\" srcset=\"https:\/\/xn--bzv-brhl-c6a.de\/wp-content\/uploads\/2022\/04\/Vorstand-2022.jpg 1024w, https:\/\/xn--bzv-brhl-c6a.de\/wp-content\/uploads\/2022\/04\/Vorstand-2022-300x225.jpg 300w, https:\/\/xn--bzv-brhl-c6a.de\/wp-content\/uploads\/2022\/04\/Vorstand-2022-768x576.jpg 768w\" sizes=\"(max-width: 1024px) 100vw, 1024px\" \/>\t\t\t\t\t\t\t\t\t\t\t<figcaption class=\"widget-image-caption wp-caption-text\">Von Links: Ehrenbundesmeister Dietmar Vetterling, Bundesmeister Dirk Vetterling, Bezirksgesch\u00e4ftsf\u00fchrer J\u00fcrgen Behringer, Bezirkskommandant Michael Henseler, Stellv. Bezirkskommandant Marcel Horlebein, Bezirksjungsch\u00fctzenmeister Matthias K\u00f6rfer, Bezirkskassierer Ralf Merten, Bezirksschie\u00dfmeister Hans Rosen, Ehrenkommandant Dieter Loosen<\/figcaption>\n\t\t\t\t\t\t\t\t\t\t<\/figure>\n\t\t\t\t\t\t\t\t\t<\/div>\n\t\t\t\t<\/div>\n\t\t\t\t\t<\/div>\n\t\t<\/div>\n\t\t\t\t\t<\/div>\n\t\t<\/section>\n\t\t\t\t<section class=\"elementor-section elementor-top-section elementor-element elementor-element-9215a9c elementor-section-boxed elementor-section-height-default elementor-section-height-default\" data-id=\"9215a9c\" data-element_type=\"section\" data-e-type=\"section\">\n\t\t\t\t\t\t<div class=\"elementor-container elementor-column-gap-default\">\n\t\t\t\t\t<div class=\"elementor-column elementor-col-100 elementor-top-column elementor-element elementor-element-e7f5c59\" data-id=\"e7f5c59\" data-element_type=\"column\" data-e-type=\"column\">\n\t\t\t<div class=\"elementor-widget-wrap\">\n\t\t\t\t\t\t\t<\/div>\n\t\t<\/div>\n\t\t\t\t\t<\/div>\n\t\t<\/section>\n\t\t\t\t<\/div>\n\t\t","protected":false},"excerpt":{"rendered":"<p>Bezirksbundesmeister Bezirksgesch\u00e4ftsf\u00fchrer Bezirksschie\u00dfmeister Bezirksbundesmeister Dirk Vetterling Bezirksbundesmeister seit 14.02.2020 Tel.: 02232 \/ 211219Mobil: 0172 \/ 627 97 08Email: d.vetterling@netcologne.de Bezirksgesch\u00e4ftsf\u00fchrer J\u00fcrgen Behringer Bezirksgesch\u00e4ftsf\u00fchrer\u00a0seit 22.07.2011 Tel.: 02236 &#8211; 378563 juergen.behringer@westnetz.de Bezirksschie\u00dfmeister Hans Rosen Januar 1995 &#8211; 2005 stv. Bezirksschie\u00dfmeister Februar 2005 &#8211; April 2015 Bezirksschie\u00dfmeister August 2016 &#8211; Februar 2020 kommissarischer Bezirksschie\u00dfmeister Februar 2020\u00a0 Bezirksschie\u00dfmeister November [&hellip;]<\/p>\n","protected":false},"author":1,"featured_media":0,"parent":0,"menu_order":0,"comment_status":"closed","ping_status":"closed","template":"","meta":{"ngg_post_thumbnail":0,"ocean_post_layout":"full-width","ocean_both_sidebars_style":"","ocean_both_sidebars_content_width":0,"ocean_both_sidebars_sidebars_width":0,"ocean_sidebar":"0","ocean_second_sidebar":"0","ocean_disable_margins":"enable","ocean_add_body_class":"","ocean_shortcode_before_top_bar":"","ocean_shortcode_after_top_bar":"","ocean_shortcode_before_header":"","ocean_shortcode_after_header":"","ocean_has_shortcode":"","ocean_shortcode_after_title":"","ocean_shortcode_before_footer_widgets":"","ocean_shortcode_after_footer_widgets":"","ocean_shortcode_before_footer_bottom":"","ocean_shortcode_after_footer_bottom":"","ocean_display_top_bar":"default","ocean_display_header":"default","ocean_header_style":"","ocean_center_header_left_menu":"0","ocean_custom_header_template":"0","ocean_custom_logo":0,"ocean_custom_retina_logo":0,"ocean_custom_logo_max_width":0,"ocean_custom_logo_tablet_max_width":0,"ocean_custom_logo_mobile_max_width":0,"ocean_custom_logo_max_height":0,"ocean_custom_logo_tablet_max_height":0,"ocean_custom_logo_mobile_max_height":0,"ocean_header_custom_menu":"0","ocean_menu_typo_font_family":"0","ocean_menu_typo_font_subset":"","ocean_menu_typo_font_size":0,"ocean_menu_typo_font_size_tablet":0,"ocean_menu_typo_font_size_mobile":0,"ocean_menu_typo_font_size_unit":"px","ocean_menu_typo_font_weight":"","ocean_menu_typo_font_weight_tablet":"","ocean_menu_typo_font_weight_mobile":"","ocean_menu_typo_transform":"","ocean_menu_typo_transform_tablet":"","ocean_menu_typo_transform_mobile":"","ocean_menu_typo_line_height":0,"ocean_menu_typo_line_height_tablet":0,"ocean_menu_typo_line_height_mobile":0,"ocean_menu_typo_line_height_unit":"","ocean_menu_typo_spacing":0,"ocean_menu_typo_spacing_tablet":0,"ocean_menu_typo_spacing_mobile":0,"ocean_menu_typo_spacing_unit":"","ocean_menu_link_color":"","ocean_menu_link_color_hover":"","ocean_menu_link_color_active":"","ocean_menu_link_background":"","ocean_menu_link_hover_background":"","ocean_menu_link_active_background":"","ocean_menu_social_links_bg":"","ocean_menu_social_hover_links_bg":"","ocean_menu_social_links_color":"","ocean_menu_social_hover_links_color":"","ocean_disable_title":"on","ocean_disable_heading":"default","ocean_post_title":"","ocean_post_subheading":"","ocean_post_title_style":"","ocean_post_title_background_color":"","ocean_post_title_background":0,"ocean_post_title_bg_image_position":"","ocean_post_title_bg_image_attachment":"","ocean_post_title_bg_image_repeat":"","ocean_post_title_bg_image_size":"","ocean_post_title_height":0,"ocean_post_title_bg_overlay":0.5,"ocean_post_title_bg_overlay_color":"","ocean_disable_breadcrumbs":"default","ocean_breadcrumbs_color":"","ocean_breadcrumbs_separator_color":"","ocean_breadcrumbs_links_color":"","ocean_breadcrumbs_links_hover_color":"","ocean_display_footer_widgets":"default","ocean_display_footer_bottom":"default","ocean_custom_footer_template":"0","footnotes":""},"class_list":["post-2146","page","type-page","status-publish","hentry","entry"],"_links":{"self":[{"href":"https:\/\/xn--bzv-brhl-c6a.de\/index.php?rest_route=\/wp\/v2\/pages\/2146","targetHints":{"allow":["GET"]}}],"collection":[{"href":"https:\/\/xn--bzv-brhl-c6a.de\/index.php?rest_route=\/wp\/v2\/pages"}],"about":[{"href":"https:\/\/xn--bzv-brhl-c6a.de\/index.php?rest_route=\/wp\/v2\/types\/page"}],"author":[{"embeddable":true,"href":"https:\/\/xn--bzv-brhl-c6a.de\/index.php?rest_route=\/wp\/v2\/users\/1"}],"replies":[{"embeddable":true,"href":"https:\/\/xn--bzv-brhl-c6a.de\/index.php?rest_route=%2Fwp%2Fv2%2Fcomments&post=2146"}],"version-history":[{"count":40,"href":"https:\/\/xn--bzv-brhl-c6a.de\/index.php?rest_route=\/wp\/v2\/pages\/2146\/revisions"}],"predecessor-version":[{"id":4478,"href":"https:\/\/xn--bzv-brhl-c6a.de\/index.php?rest_route=\/wp\/v2\/pages\/2146\/revisions\/4478"}],"wp:attachment":[{"href":"https:\/\/xn--bzv-brhl-c6a.de\/index.php?rest_route=%2Fwp%2Fv2%2Fmedia&parent=2146"}],"curies":[{"name":"wp","href":"https:\/\/api.w.org\/{rel}","templated":true}]}}